{"id":13,"date":"2016-11-01T08:56:48","date_gmt":"2016-11-01T07:56:48","guid":{"rendered":"http:\/\/alice-amoureux-nicole.fr\/?page_id=13"},"modified":"2025-12-01T15:46:09","modified_gmt":"2025-12-01T14:46:09","slug":"apropos","status":"publish","type":"page","link":"https:\/\/alice-amoureux-nicole.fr\/index.php\/apropos\/","title":{"rendered":"\u00c0 propos"},"content":{"rendered":"<div class=\"wp-block-image is-resized is-style-rounded\">\n<figure class=\"alignright size-full\"><img loading=\"lazy\" decoding=\"async\" width=\"874\" height=\"872\" src=\"http:\/\/alice-amoureux-nicole.fr\/wp-content\/uploads\/2025\/10\/000028-1.jpeg\" alt=\"\" class=\"wp-image-768\" style=\"width:386px;height:auto\" srcset=\"https:\/\/alice-amoureux-nicole.fr\/wp-content\/uploads\/2025\/10\/000028-1.jpeg 874w, https:\/\/alice-amoureux-nicole.fr\/wp-content\/uploads\/2025\/10\/000028-1-300x300.jpeg 300w, https:\/\/alice-amoureux-nicole.fr\/wp-content\/uploads\/2025\/10\/000028-1-150x150.jpeg 150w, https:\/\/alice-amoureux-nicole.fr\/wp-content\/uploads\/2025\/10\/000028-1-768x766.jpeg 768w\" sizes=\"auto, (max-width: 874px) 100vw, 874px\" \/><\/figure><\/div>\n\n\n<p>Alice, une esquisse.<\/p>\n\n\n\n<p><\/p>\n\n\n\n<p>Multiple, j\u2019ai une large palette de couleurs.<br>J\u2019aime dessiner, danser, chanter, peindre, cuisiner, graver, jardiner, paresser, \u00e9changer, observer.<\/p>\n\n\n\n<p><\/p>\n\n\n\n<p>Ma vie est entrem\u00eal\u00e9e joyeusement entre quotidien, passions, vie familiale, amicale et mon monde personnel.<\/p>\n\n\n\n<p><\/p>\n\n\n\n<p>Mon feu r\u00e9sonne dans l\u2019apparente simplicit\u00e9 dont ressort une force qui m&rsquo;impressionne et m&rsquo;enchante.<br>Une discussion \u00e0 c\u0153ur ouvert, un projet qui me fait vibrer, une plante qui trouve sa place dans le coin du jardin\u2026<\/p>\n\n\n\n<p>Je suis vagabonde. J&rsquo;ai emprunt\u00e9 quelques routes officielles, en illustration, en cuisine <br>mais je pr\u00e9f\u00e8re m&rsquo;\u00e9merveiller de l&rsquo;ombre fraiche des chemins de traverses.<\/p>\n\n\n\n<p>Il y a 4 ans j&rsquo;ai pos\u00e9 mes valises, gouges et pinceaux dans ce beau pays de Redon, en Bretagne.<br>Mon atelier est impr\u00e9gn\u00e9 des gravures ,aquarelles, cr\u00e9ations et rencontres pass\u00e9es, pr\u00e9sentes et \u00e0 venir !<\/p>\n\n\n<div class=\"wp-block-image is-resized is-style-rounded\">\n<figure class=\"alignright size-large\"><img loading=\"lazy\" decoding=\"async\" width=\"1024\" height=\"1024\" src=\"http:\/\/alice-amoureux-nicole.fr\/wp-content\/uploads\/2025\/10\/IMG_20251014_161254-1024x1024.jpg\" alt=\"\" class=\"wp-image-766\" style=\"width:393px;height:auto\" srcset=\"https:\/\/alice-amoureux-nicole.fr\/wp-content\/uploads\/2025\/10\/IMG_20251014_161254-1024x1024.jpg 1024w, https:\/\/alice-amoureux-nicole.fr\/wp-content\/uploads\/2025\/10\/IMG_20251014_161254-300x300.jpg 300w, https:\/\/alice-amoureux-nicole.fr\/wp-content\/uploads\/2025\/10\/IMG_20251014_161254-150x150.jpg 150w, https:\/\/alice-amoureux-nicole.fr\/wp-content\/uploads\/2025\/10\/IMG_20251014_161254-768x768.jpg 768w, https:\/\/alice-amoureux-nicole.fr\/wp-content\/uploads\/2025\/10\/IMG_20251014_161254-1536x1536.jpg 1536w, https:\/\/alice-amoureux-nicole.fr\/wp-content\/uploads\/2025\/10\/IMG_20251014_161254-2048x2048.jpg 2048w\" sizes=\"auto, (max-width: 1024px) 100vw, 1024px\" \/><\/figure><\/div>\n\n\n<p>Mon univers vous a parl\u00e9?<\/p>\n\n\n\n<p>Envie de cr\u00e9ation personnalis\u00e9e, d&rsquo;illustration \u00e9ditoriale, d&rsquo;une diffusion ou collaboration ?<\/p>\n\n\n\n<p>Laissez moi un mot pour me parler de votre projet.<br>Au plaisir d&rsquo;\u00e9changer ensemble!<\/p>\n\n\n\n<p><\/p>\n\n\n\n<p>Alice<\/p>\n\n\n\n<figure class=\"wp-block-image size-full\"><img loading=\"lazy\" decoding=\"async\" width=\"469\" height=\"115\" src=\"http:\/\/alice-amoureux-nicole.fr\/wp-content\/uploads\/2016\/11\/mail.jpg\" alt=\"\" class=\"wp-image-117\" srcset=\"https:\/\/alice-amoureux-nicole.fr\/wp-content\/uploads\/2016\/11\/mail.jpg 469w, https:\/\/alice-amoureux-nicole.fr\/wp-content\/uploads\/2016\/11\/mail-300x74.jpg 300w\" sizes=\"auto, (max-width: 469px) 100vw, 469px\" \/><\/figure>\n\n\n\n<p><\/p>\n\n\n\n<p><strong>Nouveau!<\/strong> Une newsletter (2 mails par an)<\/p>\n\n\n\n<p>Actualit\u00e9s, ouverture de boutique en ligne&#8230;<br>\u2b07 Mets ton contact si tu veux avoir des nouvelles fra\u00eeches !<\/p>\n\n\n\n\n\n<p><\/p>\n","protected":false},"excerpt":{"rendered":"<p>Alice, une esquisse. Multiple, j\u2019ai une large palette de couleurs.J\u2019aime dessiner, danser, chanter, peindre, cuisiner, graver, jardiner, paresser, \u00e9changer, observer. Ma vie est entrem\u00eal\u00e9e joyeusement entre quotidien, passions, vie familiale, amicale et mon monde personnel. Mon feu r\u00e9sonne dans l\u2019apparente simplicit\u00e9 dont ressort une force qui m&rsquo;impressionne et m&rsquo;enchante.Une discussion \u00e0 c\u0153ur ouvert, un projet&#8230;<\/p>\n","protected":false},"author":1,"featured_media":0,"parent":0,"menu_order":3,"comment_status":"closed","ping_status":"closed","template":"","meta":{"ngg_post_thumbnail":0,"_kad_post_transparent":"","_kad_post_title":"","_kad_post_layout":"","_kad_post_sidebar_id":"","_kad_post_content_style":"boxed","_kad_post_vertical_padding":"default","_kad_post_feature":"","_kad_post_feature_position":"","_kad_post_header":false,"_kad_post_footer":false,"_kad_post_classname":"","footnotes":""},"class_list":["post-13","page","type-page","status-publish","hentry"],"_links":{"self":[{"href":"https:\/\/alice-amoureux-nicole.fr\/index.php\/wp-json\/wp\/v2\/pages\/13","targetHints":{"allow":["GET"]}}],"collection":[{"href":"https:\/\/alice-amoureux-nicole.fr\/index.php\/wp-json\/wp\/v2\/pages"}],"about":[{"href":"https:\/\/alice-amoureux-nicole.fr\/index.php\/wp-json\/wp\/v2\/types\/page"}],"author":[{"embeddable":true,"href":"https:\/\/alice-amoureux-nicole.fr\/index.php\/wp-json\/wp\/v2\/users\/1"}],"replies":[{"embeddable":true,"href":"https:\/\/alice-amoureux-nicole.fr\/index.php\/wp-json\/wp\/v2\/comments?post=13"}],"version-history":[{"count":27,"href":"https:\/\/alice-amoureux-nicole.fr\/index.php\/wp-json\/wp\/v2\/pages\/13\/revisions"}],"predecessor-version":[{"id":887,"href":"https:\/\/alice-amoureux-nicole.fr\/index.php\/wp-json\/wp\/v2\/pages\/13\/revisions\/887"}],"wp:attachment":[{"href":"https:\/\/alice-amoureux-nicole.fr\/index.php\/wp-json\/wp\/v2\/media?parent=13"}],"curies":[{"name":"wp","href":"https:\/\/api.w.org\/{rel}","templated":true}]}}