{"id":736,"date":"2025-09-02T11:41:40","date_gmt":"2025-09-02T09:41:40","guid":{"rendered":"https:\/\/alice-amoureux-nicole.fr\/?page_id=736"},"modified":"2026-03-13T15:33:59","modified_gmt":"2026-03-13T14:33:59","slug":"evenements","status":"publish","type":"page","link":"https:\/\/alice-amoureux-nicole.fr\/index.php\/evenements\/","title":{"rendered":"O\u00f9 me trouver ?"},"content":{"rendered":"\n<p><strong>A venir<\/strong> <\/p>\n\n\n\n<ul class=\"wp-block-list\">\n<li>mai 2026, exposition \u00e0 la <strong>M\u00e9diath\u00e8que de Bains sur Oust<\/strong>.<\/li>\n<\/ul>\n\n\n\n<p><strong>Points de vente<\/strong><\/p>\n\n\n\n<ul class=\"wp-block-list\">\n<li>Reproductions d&rsquo;aquarelle et carterie \u00e0 <strong>La Grande Evasion<\/strong> \u00e0 La Gacilly.<\/li>\n\n\n\n<li>Cartes postales aux <strong>Enfants de Libellune<\/strong> \u00e0 Redon.<\/li>\n<\/ul>\n\n\n\n<p><strong>C&rsquo;est d\u00e9j\u00e0 fini<\/strong> <\/p>\n\n\n\n<ul class=\"wp-block-list\">\n<li>le 31 janvier, march\u00e9 de <strong>Un autre 8 mars<\/strong> \u00e0 Gu\u00e9m\u00e9n\u00e9-Penfao.<\/li>\n\n\n\n<li>d\u00e9cembre 2025, exposition \u00e0 <strong>L&rsquo;ArTbre de Vie<\/strong> \u00e0 Redon.<\/li>\n\n\n\n<li>ao\u00fbt\/ septembre 2025, exposition au <strong>Quetzal caf\u00e9<\/strong> \u00e0 Redon. Nos cartes po\u00e9tiques en duo avec Audrey Beauvais y sont pr\u00e9sent\u00e9es avec l&rsquo;affichage des aquarelles originales.<\/li>\n\n\n\n<li>octobre 2024 \u00e0 octobre 2025, linogravures aquarell\u00e9es \u00e0 la librairie <strong>La Grande \u00c9vasion<\/strong> \u00e0 La Gacilly.<\/li>\n\n\n\n<li>le 12 septembre 2025, nous serons \u00e0 la <strong>Biocoop<\/strong> de Redon pour pr\u00e9senter nos cartes po\u00e9tiques avec Audrey Beauvais.<\/li>\n\n\n\n<li>le 30 ao\u00fbt 2025, festival <strong>Faonzine<\/strong> \u00e0 Redon.<\/li>\n\n\n\n<li>le 15 juin 2025, march\u00e9 artisanal de Saint Just.<\/li>\n\n\n\n<li>le 8 mars 2025, \u00e0 la librairie<strong> Clef des Mondes<\/strong> \u00e0 Pl\u00e9lan le Grand, lecture collective du fanzine Gorgones des champs.<\/li>\n\n\n\n<li>le 20 avril 2024, festival <strong>Format<\/strong> \u00e0 Augan.<\/li>\n\n\n\n<li>le 9 et 10 septembre 2023, festival <strong>les Remous<\/strong> \u00e0 Nord sur Erdre.<\/li>\n\n\n\n<li>le 3 septembre 2023, festival <strong>Cours et Jardins<\/strong> \u00e0 Gu\u00e9nouvry.<\/li>\n\n\n\n<li>le 17 d\u00e9cembre 2022, march\u00e9 de Noel au <strong>Tempo<\/strong> \u00e0 Gu\u00e9men\u00e9 Penfao.<\/li>\n<\/ul>\n\n\n\n<p><\/p>\n","protected":false},"excerpt":{"rendered":"<p>A venir Points de vente C&rsquo;est d\u00e9j\u00e0 fini<\/p>\n","protected":false},"author":1,"featured_media":0,"parent":0,"menu_order":0,"comment_status":"closed","ping_status":"closed","template":"","meta":{"ngg_post_thumbnail":0,"_kad_post_transparent":"","_kad_post_title":"","_kad_post_layout":"","_kad_post_sidebar_id":"","_kad_post_content_style":"","_kad_post_vertical_padding":"","_kad_post_feature":"","_kad_post_feature_position":"","_kad_post_header":false,"_kad_post_footer":false,"_kad_post_classname":"","footnotes":""},"class_list":["post-736","page","type-page","status-publish","hentry"],"_links":{"self":[{"href":"https:\/\/alice-amoureux-nicole.fr\/index.php\/wp-json\/wp\/v2\/pages\/736","targetHints":{"allow":["GET"]}}],"collection":[{"href":"https:\/\/alice-amoureux-nicole.fr\/index.php\/wp-json\/wp\/v2\/pages"}],"about":[{"href":"https:\/\/alice-amoureux-nicole.fr\/index.php\/wp-json\/wp\/v2\/types\/page"}],"author":[{"embeddable":true,"href":"https:\/\/alice-amoureux-nicole.fr\/index.php\/wp-json\/wp\/v2\/users\/1"}],"replies":[{"embeddable":true,"href":"https:\/\/alice-amoureux-nicole.fr\/index.php\/wp-json\/wp\/v2\/comments?post=736"}],"version-history":[{"count":13,"href":"https:\/\/alice-amoureux-nicole.fr\/index.php\/wp-json\/wp\/v2\/pages\/736\/revisions"}],"predecessor-version":[{"id":900,"href":"https:\/\/alice-amoureux-nicole.fr\/index.php\/wp-json\/wp\/v2\/pages\/736\/revisions\/900"}],"wp:attachment":[{"href":"https:\/\/alice-amoureux-nicole.fr\/index.php\/wp-json\/wp\/v2\/media?parent=736"}],"curies":[{"name":"wp","href":"https:\/\/api.w.org\/{rel}","templated":true}]}}